{"id":23665,"date":"2025-07-30T12:08:20","date_gmt":"2025-07-30T09:08:20","guid":{"rendered":"https:\/\/rsaegean.org\/?page_id=23665"},"modified":"2025-07-31T18:26:15","modified_gmt":"2025-07-31T15:26:15","slug":"tr-lesbos-2015-fotograf-cagrisi","status":"publish","type":"page","link":"https:\/\/rsaegean.org\/en\/tr-lesbos-2015-fotograf-cagrisi\/","title":{"rendered":"Halka A\u00e7\u0131k \u00c7a\u011fr\u0131: &#8220;Lesbos 2015 \u2013 10 Y\u0131l Sonra&#8221; \u2013 Midilli&#8217;de Foto\u011fraf Sergisi"},"content":{"rendered":"\t\t<div data-elementor-type=\"wp-page\" data-elementor-id=\"23665\" class=\"elementor elementor-23665\" data-elementor-post-type=\"page\">\n\t\t\t\t<div class=\"elementor-element elementor-element-2270065 e-con-full e-flex e-con e-parent\" data-id=\"2270065\" data-element_type=\"container\" data-e-type=\"container\">\n\t\t\t\t<div class=\"elementor-element elementor-element-1ee0088 elementor-hidden-mobile elementor-widget elementor-widget-image\" data-id=\"1ee0088\" data-element_type=\"widget\" data-e-type=\"widget\" data-widget_type=\"image.default\">\n\t\t\t\t<div class=\"elementor-widget-container\">\n\t\t\t\t\t\t\t\t\t\t\t\t\t\t\t<img fetchpriority=\"high\" width=\"1024\" height=\"576\" src=\"https:\/\/rsaegean.org\/wp-content\/uploads\/2025\/07\/202507_lesvos2015_overall_cover-1-2-1024x576.jpg\" class=\"attachment-large size-large wp-image-23978\" alt=\"\" srcset=\"https:\/\/rsaegean.org\/wp-content\/uploads\/2025\/07\/202507_lesvos2015_overall_cover-1-2-1024x576.jpg 1024w, https:\/\/rsaegean.org\/wp-content\/uploads\/2025\/07\/202507_lesvos2015_overall_cover-1-2-300x169.jpg 300w, https:\/\/rsaegean.org\/wp-content\/uploads\/2025\/07\/202507_lesvos2015_overall_cover-1-2-768x432.jpg 768w, https:\/\/rsaegean.org\/wp-content\/uploads\/2025\/07\/202507_lesvos2015_overall_cover-1-2-1536x864.jpg 1536w, https:\/\/rsaegean.org\/wp-content\/uploads\/2025\/07\/202507_lesvos2015_overall_cover-1-2-1250x703.jpg 1250w, https:\/\/rsaegean.org\/wp-content\/uploads\/2025\/07\/202507_lesvos2015_overall_cover-1-2-400x225.jpg 400w, https:\/\/rsaegean.org\/wp-content\/uploads\/2025\/07\/202507_lesvos2015_overall_cover-1-2.jpg 1920w\" sizes=\"(max-width: 1024px) 100vw, 1024px\" \/>\t\t\t\t\t\t\t\t\t\t\t\t\t\t\t<\/div>\n\t\t\t\t<\/div>\n\t\t\t\t<div class=\"elementor-element elementor-element-9f3b82b elementor-widget elementor-widget-theme-post-title elementor-page-title elementor-widget-heading\" data-id=\"9f3b82b\" data-element_type=\"widget\" data-e-type=\"widget\" data-widget_type=\"theme-post-title.default\">\n\t\t\t\t<div class=\"elementor-widget-container\">\n\t\t\t\t\t<h1 class=\"elementor-heading-title elementor-size-default\">Halka A\u00e7\u0131k \u00c7a\u011fr\u0131: &#8220;Lesbos 2015 \u2013 10 Y\u0131l Sonra&#8221; \u2013 Midilli&#8217;de Foto\u011fraf Sergisi<\/h1>\t\t\t\t<\/div>\n\t\t\t\t<\/div>\n\t\t\t\t<div class=\"elementor-element elementor-element-a4e97ea elementor-widget__width-initial elementor-widget-mobile__width-initial elementor-hidden-desktop elementor-hidden-tablet elementor-widget elementor-widget-image\" data-id=\"a4e97ea\" data-element_type=\"widget\" data-e-type=\"widget\" data-widget_type=\"image.default\">\n\t\t\t\t<div class=\"elementor-widget-container\">\n\t\t\t\t\t\t\t\t\t\t\t\t\t\t\t<img width=\"819\" height=\"1024\" src=\"https:\/\/rsaegean.org\/wp-content\/uploads\/2025\/07\/202507_lesvos2015_overall-5-819x1024.png\" class=\"attachment-large size-large wp-image-23980\" alt=\"\" srcset=\"https:\/\/rsaegean.org\/wp-content\/uploads\/2025\/07\/202507_lesvos2015_overall-5-819x1024.png 819w, https:\/\/rsaegean.org\/wp-content\/uploads\/2025\/07\/202507_lesvos2015_overall-5-240x300.png 240w, https:\/\/rsaegean.org\/wp-content\/uploads\/2025\/07\/202507_lesvos2015_overall-5-768x960.png 768w, https:\/\/rsaegean.org\/wp-content\/uploads\/2025\/07\/202507_lesvos2015_overall-5-400x500.png 400w, https:\/\/rsaegean.org\/wp-content\/uploads\/2025\/07\/202507_lesvos2015_overall-5.png 1080w\" sizes=\"(max-width: 819px) 100vw, 819px\" \/>\t\t\t\t\t\t\t\t\t\t\t\t\t\t\t<\/div>\n\t\t\t\t<\/div>\n\t\t\t\t<div class=\"elementor-element elementor-element-b5ab5c5 elementor-widget elementor-widget-html\" data-id=\"b5ab5c5\" data-element_type=\"widget\" data-e-type=\"widget\" data-widget_type=\"html.default\">\n\t\t\t\t<div class=\"elementor-widget-container\">\n\t\t\t\t\t<html lang=\"tr\">\t\t\t\t<\/div>\n\t\t\t\t<\/div>\n\t\t<div class=\"elementor-element elementor-element-93eea85 e-grid e-con-full elementor-hidden-desktop elementor-hidden-tablet e-con e-child\" data-id=\"93eea85\" data-element_type=\"container\" data-e-type=\"container\">\n\t\t\t\t<div class=\"elementor-element elementor-element-e8c1bdc elementor-align-justify elementor-widget elementor-widget-button\" data-id=\"e8c1bdc\" data-element_type=\"widget\" data-e-type=\"widget\" data-widget_type=\"button.default\">\n\t\t\t\t<div class=\"elementor-widget-container\">\n\t\t\t\t\t\t\t\t\t<div class=\"elementor-button-wrapper\">\n\t\t\t\t\t<a class=\"elementor-button elementor-button-link elementor-size-sm\" href=\"https:\/\/rsaegean.org\/en\/fa-farakhaneh-aks-lesvos-2015\/\">\n\t\t\t\t\t\t<span class=\"elementor-button-content-wrapper\">\n\t\t\t\t\t\t\t\t\t<span class=\"elementor-button-text\">\u0641\u0627\u0631\u0633\u06cc<\/span>\n\t\t\t\t\t<\/span>\n\t\t\t\t\t<\/a>\n\t\t\t\t<\/div>\n\t\t\t\t\t\t\t\t<\/div>\n\t\t\t\t<\/div>\n\t\t\t\t<div class=\"elementor-element elementor-element-0ba472e elementor-align-justify elementor-widget-mobile__width-inherit elementor-widget elementor-widget-button\" data-id=\"0ba472e\" data-element_type=\"widget\" data-e-type=\"widget\" data-widget_type=\"button.default\">\n\t\t\t\t<div class=\"elementor-widget-container\">\n\t\t\t\t\t\t\t\t\t<div class=\"elementor-button-wrapper\">\n\t\t\t\t\t<a class=\"elementor-button elementor-button-link elementor-size-sm\" href=\"https:\/\/rsaegean.org\/el\/ar-lesvos-2015-daawa-sowar\/\">\n\t\t\t\t\t\t<span class=\"elementor-button-content-wrapper\">\n\t\t\t\t\t\t\t\t\t<span class=\"elementor-button-text\">\u0639\u0631\u0628\u064a<\/span>\n\t\t\t\t\t<\/span>\n\t\t\t\t\t<\/a>\n\t\t\t\t<\/div>\n\t\t\t\t\t\t\t\t<\/div>\n\t\t\t\t<\/div>\n\t\t\t\t<div class=\"elementor-element elementor-element-7fee5d3 elementor-align-justify elementor-widget elementor-widget-button\" data-id=\"7fee5d3\" data-element_type=\"widget\" data-e-type=\"widget\" data-widget_type=\"button.default\">\n\t\t\t\t<div class=\"elementor-widget-container\">\n\t\t\t\t\t\t\t\t\t<div class=\"elementor-button-wrapper\">\n\t\t\t\t\t<a class=\"elementor-button elementor-button-link elementor-size-sm\" href=\"https:\/\/rsaegean.org\/en\/so-wacitaan-furan-sawirro-lesvos-2015\/\">\n\t\t\t\t\t\t<span class=\"elementor-button-content-wrapper\">\n\t\t\t\t\t\t\t\t\t<span class=\"elementor-button-text\">Soomaali<\/span>\n\t\t\t\t\t<\/span>\n\t\t\t\t\t<\/a>\n\t\t\t\t<\/div>\n\t\t\t\t\t\t\t\t<\/div>\n\t\t\t\t<\/div>\n\t\t\t\t<div class=\"elementor-element elementor-element-7768957 elementor-align-justify elementor-widget elementor-widget-button\" data-id=\"7768957\" data-element_type=\"widget\" data-e-type=\"widget\" data-widget_type=\"button.default\">\n\t\t\t\t<div class=\"elementor-widget-container\">\n\t\t\t\t\t\t\t\t\t<div class=\"elementor-button-wrapper\">\n\t\t\t\t\t<a class=\"elementor-button elementor-button-link elementor-size-sm\" href=\"https:\/\/rsaegean.org\/el\/fr-appel-contributions-photos-lesbos-2015\/\">\n\t\t\t\t\t\t<span class=\"elementor-button-content-wrapper\">\n\t\t\t\t\t\t\t\t\t<span class=\"elementor-button-text\">Fran\u00e7ais<\/span>\n\t\t\t\t\t<\/span>\n\t\t\t\t\t<\/a>\n\t\t\t\t<\/div>\n\t\t\t\t\t\t\t\t<\/div>\n\t\t\t\t<\/div>\n\t\t\t\t<div class=\"elementor-element elementor-element-b4465f8 elementor-align-justify elementor-widget elementor-widget-button\" data-id=\"b4465f8\" data-element_type=\"widget\" data-e-type=\"widget\" data-widget_type=\"button.default\">\n\t\t\t\t<div class=\"elementor-widget-container\">\n\t\t\t\t\t\t\t\t\t<div class=\"elementor-button-wrapper\">\n\t\t\t\t\t<a class=\"elementor-button elementor-button-link elementor-size-sm\" href=\"https:\/\/rsaegean.org\/el\/open-call-photos-lesvos-2015\/\">\n\t\t\t\t\t\t<span class=\"elementor-button-content-wrapper\">\n\t\t\t\t\t\t\t\t\t<span class=\"elementor-button-text\">\u0395\u03bb\u03bb\u03b7\u03bd\u03b9\u03ba\u03ac<\/span>\n\t\t\t\t\t<\/span>\n\t\t\t\t\t<\/a>\n\t\t\t\t<\/div>\n\t\t\t\t\t\t\t\t<\/div>\n\t\t\t\t<\/div>\n\t\t\t\t<div class=\"elementor-element elementor-element-62425d4 elementor-align-justify elementor-widget elementor-widget-button\" data-id=\"62425d4\" data-element_type=\"widget\" data-e-type=\"widget\" data-widget_type=\"button.default\">\n\t\t\t\t<div class=\"elementor-widget-container\">\n\t\t\t\t\t\t\t\t\t<div class=\"elementor-button-wrapper\">\n\t\t\t\t\t<a class=\"elementor-button elementor-button-link elementor-size-sm\" href=\"https:\/\/rsaegean.org\/en\/open-call-photos-lesvos-2015\/\">\n\t\t\t\t\t\t<span class=\"elementor-button-content-wrapper\">\n\t\t\t\t\t\t\t\t\t<span class=\"elementor-button-text\">English<\/span>\n\t\t\t\t\t<\/span>\n\t\t\t\t\t<\/a>\n\t\t\t\t<\/div>\n\t\t\t\t\t\t\t\t<\/div>\n\t\t\t\t<\/div>\n\t\t\t\t<\/div>\n\t\t\t\t<\/div>\n\t\t<div class=\"elementor-element elementor-element-983c396 e-con-full e-flex e-con e-parent\" data-id=\"983c396\" data-element_type=\"container\" data-e-type=\"container\">\n\t\t\t\t<div class=\"elementor-element elementor-element-1b29579 elementor-widget elementor-widget-text-editor\" data-id=\"1b29579\" data-element_type=\"widget\" data-e-type=\"widget\" data-widget_type=\"text-editor.default\">\n\t\t\t\t<div class=\"elementor-widget-container\">\n\t\t\t\t\t\t\t\t\t<p class=\"p1\"><b>2015 y\u0131l\u0131nda Midilli&#8217;de bulunan ki\u015fileri &#8211; ada sakinlerini, m\u00fcltecileri ve dayan\u0131\u015fma gruplar\u0131n\u0131 &#8211; oradaki an\u0131lar\u0131n\u0131 bizimle payla\u015fmaya davet ediyoruz. O d\u00f6nemde m\u00fcltecilerin ya\u015fad\u0131klar\u0131n\u0131 yans\u0131tan en fazla 3 foto\u011fraf g\u00f6ndererek bize ula\u015fabilirsiniz.<\/b><\/p><p class=\"p1\">2015 y\u0131l\u0131, Yunanistan ve Avrupa&#8217;da g\u00f6\u00e7 ve dayan\u0131\u015fman\u0131n yaz aylar\u0131 olarak tarihe ge\u00e7ti. Y\u00fczbinlerce insan, hayatlar\u0131n\u0131 tehlikeye atarak Yunan adalar\u0131na ula\u015ft\u0131 ve Avrupa&#8217;da g\u00fcvenlik ve daha iyi bir gelecek elde etmek i\u00e7in m\u00fccadele etti. Midilli, topluluklar\u0131n ve kurumlar\u0131n onlar\u0131 kar\u015f\u0131lay\u0131p destekledi\u011fi merkezde yer ald\u0131. Kurtarma operasyonlar\u0131ndaki bal\u0131k\u00e7\u0131lar, sa\u011fl\u0131k hizmetlerinde g\u00f6rev alan doktorlar, ula\u015f\u0131mda g\u00f6rev alan \u015fof\u00f6rler, ders veren \u00f6\u011fretmenler, hepsi kap\u0131lar\u0131n\u0131 a\u00e7arak bir kap yemek veya biraz su payla\u015ft\u0131lar, bir giysi, bir battaniye veya bir yatak sundular. Yunanistan&#8217;\u0131n her yerinden ve yurt d\u0131\u015f\u0131ndan yard\u0131m etmek i\u00e7in insanlar geldi.<\/p><p class=\"p1\"><b>On y\u0131l sonra, Ege&#8217;deki M\u00fcltecilere Destek (RSA) adl\u0131 kurum bu sonbaharda Midilli&#8217;de bu d\u00f6nemi ki\u015fisel bak\u0131\u015f a\u00e7\u0131lar\u0131, g\u00fcnl\u00fck hikayeler, zorluklar ve<span class=\"Apple-converted-space\">\u00a0 <\/span>dayan\u0131\u015fma eylemleri arac\u0131l\u0131\u011f\u0131yla ortaya koymak i\u00e7in bir foto\u011fraf sergisi d\u00fczenliyor.<\/b><\/p><p class=\"p1\">Sizin foto\u011fraf objektiflerinizden, k\u0131y\u0131lardan, sokaklardan, kamplardan, k\u00f6ylerden ve \u015fehirlerden, var\u0131\u015flar, kal\u0131\u015flar ve ayr\u0131l\u0131\u015flardan anl\u0131k g\u00f6r\u00fcnt\u00fcleri payla\u015fmak ve hat\u0131rlamak istiyoruz. \u0130nsan ili\u015fkilerini, yard\u0131mla\u015fma ve dayan\u0131\u015fma eylemlerini, ama ayn\u0131 zamanda ya\u015fam ve hayatta kalma m\u00fccadelelerini, ge\u00e7ici yap\u0131lar\u0131, do\u011fa\u00e7lamalar\u0131, sorunlar\u0131 ve \u00e7\u00f6z\u00fcmleri \u00f6ne \u00e7\u0131karmak istiyoruz. O d\u00f6nemde \u00e7ekti\u011finiz foto\u011fraflardan hangisi ya\u015fad\u0131klar\u0131n\u0131z\u0131 veya g\u00f6rd\u00fcklerinizi en iyi \u015fekilde simgeliyor? Ayr\u0131ca, belki de foto\u011frafta g\u00f6r\u00fcnmeyen, fakat sizi etkileyen \u015fey nedir?<\/p><p class=\"p1\">Kat\u0131l\u0131m talimatlar\u0131: <b>May\u0131s 2015 \u2013 Aral\u0131k 2015 tarihleri aras\u0131nda Lesbos&#8217;ta <\/b>\u00e7ekti\u011finiz, adadaki m\u00fcltecilerle ilgili <b>en fazla 3 foto\u011fraf<\/b> se\u00e7iniz ve formu doldurunuz. Yard\u0131ma ihtiyac\u0131n\u0131z olursa, <a href=\"mailto:lesvos2015@rsaegean.org\"><span class=\"s1\">lesvos2015@rsaegean.org<\/span><\/a>\u00a0adresine e-posta g\u00f6nderebilirsiniz.<\/p><p class=\"p1\"><b>Son ba\u015fvuru tarihi: 15\/9\/2025<\/b><\/p>\t\t\t\t\t\t\t\t<\/div>\n\t\t\t\t<\/div>\n\t\t<div class=\"elementor-element elementor-element-78f06df e-grid e-con-full e-con e-child\" data-id=\"78f06df\" data-element_type=\"container\" data-e-type=\"container\" data-settings=\"{&quot;background_background&quot;:&quot;classic&quot;,&quot;sticky&quot;:&quot;bottom&quot;,&quot;sticky_on&quot;:[&quot;desktop&quot;,&quot;tablet&quot;],&quot;sticky_offset&quot;:0,&quot;sticky_effects_offset&quot;:0,&quot;sticky_anchor_link_offset&quot;:0}\">\n\t\t\t\t<div class=\"elementor-element elementor-element-62d0860 elementor-align-justify elementor-widget elementor-widget-button\" data-id=\"62d0860\" data-element_type=\"widget\" data-e-type=\"widget\" data-widget_type=\"button.default\">\n\t\t\t\t<div class=\"elementor-widget-container\">\n\t\t\t\t\t\t\t\t\t<div class=\"elementor-button-wrapper\">\n\t\t\t\t\t<a class=\"elementor-button elementor-button-link elementor-size-sm\" href=\"https:\/\/rsaegean.org\/en\/fa-farakhaneh-aks-lesvos-2015\/\">\n\t\t\t\t\t\t<span class=\"elementor-button-content-wrapper\">\n\t\t\t\t\t\t\t\t\t<span class=\"elementor-button-text\">\u0641\u0627\u0631\u0633\u06cc<\/span>\n\t\t\t\t\t<\/span>\n\t\t\t\t\t<\/a>\n\t\t\t\t<\/div>\n\t\t\t\t\t\t\t\t<\/div>\n\t\t\t\t<\/div>\n\t\t\t\t<div class=\"elementor-element elementor-element-2809866 elementor-align-justify elementor-widget-mobile__width-inherit elementor-widget elementor-widget-button\" data-id=\"2809866\" data-element_type=\"widget\" data-e-type=\"widget\" data-widget_type=\"button.default\">\n\t\t\t\t<div class=\"elementor-widget-container\">\n\t\t\t\t\t\t\t\t\t<div class=\"elementor-button-wrapper\">\n\t\t\t\t\t<a class=\"elementor-button elementor-button-link elementor-size-sm\" href=\"https:\/\/rsaegean.org\/el\/ar-lesvos-2015-daawa-sowar\/\">\n\t\t\t\t\t\t<span class=\"elementor-button-content-wrapper\">\n\t\t\t\t\t\t\t\t\t<span class=\"elementor-button-text\">\u0639\u0631\u0628\u064a<\/span>\n\t\t\t\t\t<\/span>\n\t\t\t\t\t<\/a>\n\t\t\t\t<\/div>\n\t\t\t\t\t\t\t\t<\/div>\n\t\t\t\t<\/div>\n\t\t\t\t<div class=\"elementor-element elementor-element-318a38f elementor-align-justify elementor-widget elementor-widget-button\" data-id=\"318a38f\" data-element_type=\"widget\" data-e-type=\"widget\" data-widget_type=\"button.default\">\n\t\t\t\t<div class=\"elementor-widget-container\">\n\t\t\t\t\t\t\t\t\t<div class=\"elementor-button-wrapper\">\n\t\t\t\t\t<a class=\"elementor-button elementor-button-link elementor-size-sm\" href=\"https:\/\/rsaegean.org\/en\/so-wacitaan-furan-sawirro-lesvos-2015\/\">\n\t\t\t\t\t\t<span class=\"elementor-button-content-wrapper\">\n\t\t\t\t\t\t\t\t\t<span class=\"elementor-button-text\">Soomaali<\/span>\n\t\t\t\t\t<\/span>\n\t\t\t\t\t<\/a>\n\t\t\t\t<\/div>\n\t\t\t\t\t\t\t\t<\/div>\n\t\t\t\t<\/div>\n\t\t\t\t<div class=\"elementor-element elementor-element-59f0f51 elementor-align-justify elementor-widget elementor-widget-button\" data-id=\"59f0f51\" data-element_type=\"widget\" data-e-type=\"widget\" data-widget_type=\"button.default\">\n\t\t\t\t<div class=\"elementor-widget-container\">\n\t\t\t\t\t\t\t\t\t<div class=\"elementor-button-wrapper\">\n\t\t\t\t\t<a class=\"elementor-button elementor-button-link elementor-size-sm\" href=\"https:\/\/rsaegean.org\/el\/fr-appel-contributions-photos-lesbos-2015\/\">\n\t\t\t\t\t\t<span class=\"elementor-button-content-wrapper\">\n\t\t\t\t\t\t\t\t\t<span class=\"elementor-button-text\">Fran\u00e7ais<\/span>\n\t\t\t\t\t<\/span>\n\t\t\t\t\t<\/a>\n\t\t\t\t<\/div>\n\t\t\t\t\t\t\t\t<\/div>\n\t\t\t\t<\/div>\n\t\t\t\t<div class=\"elementor-element elementor-element-e7389ff elementor-align-justify elementor-widget elementor-widget-button\" data-id=\"e7389ff\" data-element_type=\"widget\" data-e-type=\"widget\" data-widget_type=\"button.default\">\n\t\t\t\t<div class=\"elementor-widget-container\">\n\t\t\t\t\t\t\t\t\t<div class=\"elementor-button-wrapper\">\n\t\t\t\t\t<a class=\"elementor-button elementor-button-link elementor-size-sm\" href=\"https:\/\/rsaegean.org\/el\/open-call-photos-lesvos-2015\/\">\n\t\t\t\t\t\t<span class=\"elementor-button-content-wrapper\">\n\t\t\t\t\t\t\t\t\t<span class=\"elementor-button-text\">\u0395\u03bb\u03bb\u03b7\u03bd\u03b9\u03ba\u03ac<\/span>\n\t\t\t\t\t<\/span>\n\t\t\t\t\t<\/a>\n\t\t\t\t<\/div>\n\t\t\t\t\t\t\t\t<\/div>\n\t\t\t\t<\/div>\n\t\t\t\t<div class=\"elementor-element elementor-element-7e931b8 elementor-align-justify elementor-widget elementor-widget-button\" data-id=\"7e931b8\" data-element_type=\"widget\" data-e-type=\"widget\" data-widget_type=\"button.default\">\n\t\t\t\t<div class=\"elementor-widget-container\">\n\t\t\t\t\t\t\t\t\t<div class=\"elementor-button-wrapper\">\n\t\t\t\t\t<a class=\"elementor-button elementor-button-link elementor-size-sm\" href=\"https:\/\/rsaegean.org\/en\/open-call-photos-lesvos-2015\/\">\n\t\t\t\t\t\t<span class=\"elementor-button-content-wrapper\">\n\t\t\t\t\t\t\t\t\t<span class=\"elementor-button-text\">English<\/span>\n\t\t\t\t\t<\/span>\n\t\t\t\t\t<\/a>\n\t\t\t\t<\/div>\n\t\t\t\t\t\t\t\t<\/div>\n\t\t\t\t<\/div>\n\t\t\t\t<\/div>\n\t\t\t\t<div class=\"elementor-element elementor-element-b83dc53 elementor-align-justify elementor-widget elementor-widget-button\" data-id=\"b83dc53\" data-element_type=\"widget\" data-e-type=\"widget\" data-widget_type=\"button.default\">\n\t\t\t\t<div class=\"elementor-widget-container\">\n\t\t\t\t\t\t\t\t\t<div class=\"elementor-button-wrapper\">\n\t\t\t\t\t<a class=\"elementor-button elementor-button-link elementor-size-sm\" href=\"https:\/\/cloud.rsaegean.org\/index.php\/apps\/forms\/s\/XGqo2K5ntaCstnXAQHEaNEXE\">\n\t\t\t\t\t\t<span class=\"elementor-button-content-wrapper\">\n\t\t\t\t\t\t<span class=\"elementor-button-icon\">\n\t\t\t\t<i aria-hidden=\"true\" class=\"far fa-window-restore\"><\/i>\t\t\t<\/span>\n\t\t\t\t\t\t\t\t\t<span class=\"elementor-button-text\">Formu yeni pencerede a\u00e7mak i\u00e7in buraya t\u0131klay\u0131n<\/span>\n\t\t\t\t\t<\/span>\n\t\t\t\t\t<\/a>\n\t\t\t\t<\/div>\n\t\t\t\t\t\t\t\t<\/div>\n\t\t\t\t<\/div>\n\t\t\t\t<\/div>\n\t\t<div class=\"elementor-element elementor-element-bb34a96 e-flex e-con-boxed e-con e-parent\" data-id=\"bb34a96\" data-element_type=\"container\" data-e-type=\"container\">\n\t\t\t\t\t<div class=\"e-con-inner\">\n\t\t\t\t<div class=\"elementor-element elementor-element-926422a elementor-hidden-mobile elementor-widget elementor-widget-html\" data-id=\"926422a\" data-element_type=\"widget\" data-e-type=\"widget\" data-widget_type=\"html.default\">\n\t\t\t\t<div class=\"elementor-widget-container\">\n\t\t\t\t\t<iframe src=\"https:\/\/cloud.rsaegean.org\/index.php\/apps\/forms\/embed\/S4kWJafqBiMNCjskeaLbmLLp\" width=\"750\" height=\"4300\"><\/iframe>\t\t\t\t<\/div>\n\t\t\t\t<\/div>\n\t\t\t\t<div class=\"elementor-element elementor-element-d84e61a elementor-hidden-desktop elementor-hidden-tablet elementor-widget elementor-widget-html\" data-id=\"d84e61a\" data-element_type=\"widget\" data-e-type=\"widget\" data-widget_type=\"html.default\">\n\t\t\t\t<div class=\"elementor-widget-container\">\n\t\t\t\t\t<iframe src=\"https:\/\/cloud.rsaegean.org\/index.php\/apps\/forms\/embed\/S4kWJafqBiMNCjskeaLbmLLp\" width=\"750\" height=\"7300\"><\/iframe>\t\t\t\t<\/div>\n\t\t\t\t<\/div>\n\t\t\t\t\t<\/div>\n\t\t\t\t<\/div>\n\t\t\t\t<\/div>\n\t\t","protected":false},"excerpt":{"rendered":"<p>Son ba\u015fvuru tarihi: 15\/9\/2025<\/p>\n","protected":false},"author":9,"featured_media":23808,"parent":0,"menu_order":0,"comment_status":"closed","ping_status":"closed","template":"","meta":{"give_campaign_id":0,"footnotes":""},"class_list":["post-23665","page","type-page","status-publish","has-post-thumbnail"],"campaignId":"0","_links":{"self":[{"href":"https:\/\/rsaegean.org\/en\/wp-json\/wp\/v2\/pages\/23665","targetHints":{"allow":["GET"]}}],"collection":[{"href":"https:\/\/rsaegean.org\/en\/wp-json\/wp\/v2\/pages"}],"about":[{"href":"https:\/\/rsaegean.org\/en\/wp-json\/wp\/v2\/types\/page"}],"author":[{"embeddable":true,"href":"https:\/\/rsaegean.org\/en\/wp-json\/wp\/v2\/users\/9"}],"replies":[{"embeddable":true,"href":"https:\/\/rsaegean.org\/en\/wp-json\/wp\/v2\/comments?post=23665"}],"version-history":[{"count":66,"href":"https:\/\/rsaegean.org\/en\/wp-json\/wp\/v2\/pages\/23665\/revisions"}],"predecessor-version":[{"id":24069,"href":"https:\/\/rsaegean.org\/en\/wp-json\/wp\/v2\/pages\/23665\/revisions\/24069"}],"wp:featuredmedia":[{"embeddable":true,"href":"https:\/\/rsaegean.org\/en\/wp-json\/wp\/v2\/media\/23808"}],"wp:attachment":[{"href":"https:\/\/rsaegean.org\/en\/wp-json\/wp\/v2\/media?parent=23665"}],"curies":[{"name":"wp","href":"https:\/\/api.w.org\/{rel}","templated":true}]}}