{"id":23697,"date":"2025-07-30T12:09:22","date_gmt":"2025-07-30T09:09:22","guid":{"rendered":"https:\/\/rsaegean.org\/?page_id=23697"},"modified":"2025-07-31T18:24:52","modified_gmt":"2025-07-31T15:24:52","slug":"fr-appel-contributions-photos-lesbos-2015","status":"publish","type":"page","link":"https:\/\/rsaegean.org\/el\/fr-appel-contributions-photos-lesbos-2015\/","title":{"rendered":"Appel \u00e0 contributions: \u00abLesbos 2015 \u2013 10 ans apr\u00e8s\u00bb \u2013 Exposition photographique \u00e0 Mytil\u00e8ne"},"content":{"rendered":"\t\t<div data-elementor-type=\"wp-page\" data-elementor-id=\"23697\" class=\"elementor elementor-23697\" data-elementor-post-type=\"page\">\n\t\t\t\t<div class=\"elementor-element elementor-element-0ea3036 e-con-full e-flex e-con e-parent\" data-id=\"0ea3036\" data-element_type=\"container\" data-e-type=\"container\">\n\t\t\t\t<div class=\"elementor-element elementor-element-c42bb01 elementor-hidden-mobile elementor-widget elementor-widget-image\" data-id=\"c42bb01\" data-element_type=\"widget\" data-e-type=\"widget\" data-widget_type=\"image.default\">\n\t\t\t\t<div class=\"elementor-widget-container\">\n\t\t\t\t\t\t\t\t\t\t\t\t\t\t\t<img fetchpriority=\"high\" width=\"1024\" height=\"576\" src=\"https:\/\/rsaegean.org\/wp-content\/uploads\/2025\/07\/202507_lesvos2015_overall_cover-1-2-1024x576.jpg\" class=\"attachment-large size-large wp-image-23979\" alt=\"\" srcset=\"https:\/\/rsaegean.org\/wp-content\/uploads\/2025\/07\/202507_lesvos2015_overall_cover-1-2-1024x576.jpg 1024w, https:\/\/rsaegean.org\/wp-content\/uploads\/2025\/07\/202507_lesvos2015_overall_cover-1-2-300x169.jpg 300w, https:\/\/rsaegean.org\/wp-content\/uploads\/2025\/07\/202507_lesvos2015_overall_cover-1-2-768x432.jpg 768w, https:\/\/rsaegean.org\/wp-content\/uploads\/2025\/07\/202507_lesvos2015_overall_cover-1-2-1536x864.jpg 1536w, https:\/\/rsaegean.org\/wp-content\/uploads\/2025\/07\/202507_lesvos2015_overall_cover-1-2-1250x703.jpg 1250w, https:\/\/rsaegean.org\/wp-content\/uploads\/2025\/07\/202507_lesvos2015_overall_cover-1-2-400x225.jpg 400w, https:\/\/rsaegean.org\/wp-content\/uploads\/2025\/07\/202507_lesvos2015_overall_cover-1-2.jpg 1920w\" sizes=\"(max-width: 1024px) 100vw, 1024px\" \/>\t\t\t\t\t\t\t\t\t\t\t\t\t\t\t<\/div>\n\t\t\t\t<\/div>\n\t\t\t\t<div class=\"elementor-element elementor-element-2a36169 elementor-widget elementor-widget-theme-post-title elementor-page-title elementor-widget-heading\" data-id=\"2a36169\" data-element_type=\"widget\" data-e-type=\"widget\" data-widget_type=\"theme-post-title.default\">\n\t\t\t\t<div class=\"elementor-widget-container\">\n\t\t\t\t\t<h1 class=\"elementor-heading-title elementor-size-default\">Appel \u00e0 contributions: \u00abLesbos 2015 \u2013 10 ans apr\u00e8s\u00bb \u2013 Exposition photographique \u00e0 Mytil\u00e8ne<\/h1>\t\t\t\t<\/div>\n\t\t\t\t<\/div>\n\t\t\t\t<div class=\"elementor-element elementor-element-a5d06cf elementor-widget elementor-widget-html\" data-id=\"a5d06cf\" data-element_type=\"widget\" data-e-type=\"widget\" data-widget_type=\"html.default\">\n\t\t\t\t<div class=\"elementor-widget-container\">\n\t\t\t\t\t<html lang=\"fr\">\t\t\t\t<\/div>\n\t\t\t\t<\/div>\n\t\t\t\t<div class=\"elementor-element elementor-element-a52c7d5 elementor-widget__width-initial elementor-widget-mobile__width-initial elementor-hidden-desktop elementor-hidden-tablet elementor-widget elementor-widget-image\" data-id=\"a52c7d5\" data-element_type=\"widget\" data-e-type=\"widget\" data-widget_type=\"image.default\">\n\t\t\t\t<div class=\"elementor-widget-container\">\n\t\t\t\t\t\t\t\t\t\t\t\t\t\t\t<img width=\"819\" height=\"1024\" src=\"https:\/\/rsaegean.org\/wp-content\/uploads\/2025\/07\/202507_lesvos2015_overall-5-819x1024.png\" class=\"attachment-large size-large wp-image-23981\" alt=\"\" srcset=\"https:\/\/rsaegean.org\/wp-content\/uploads\/2025\/07\/202507_lesvos2015_overall-5-819x1024.png 819w, https:\/\/rsaegean.org\/wp-content\/uploads\/2025\/07\/202507_lesvos2015_overall-5-240x300.png 240w, https:\/\/rsaegean.org\/wp-content\/uploads\/2025\/07\/202507_lesvos2015_overall-5-768x960.png 768w, https:\/\/rsaegean.org\/wp-content\/uploads\/2025\/07\/202507_lesvos2015_overall-5-400x500.png 400w, https:\/\/rsaegean.org\/wp-content\/uploads\/2025\/07\/202507_lesvos2015_overall-5.png 1080w\" sizes=\"(max-width: 819px) 100vw, 819px\" \/>\t\t\t\t\t\t\t\t\t\t\t\t\t\t\t<\/div>\n\t\t\t\t<\/div>\n\t\t<div class=\"elementor-element elementor-element-daabc3f e-grid e-con-full elementor-hidden-desktop elementor-hidden-tablet e-con e-child\" data-id=\"daabc3f\" data-element_type=\"container\" data-e-type=\"container\">\n\t\t\t\t<div class=\"elementor-element elementor-element-4dc32b7 elementor-align-justify elementor-widget elementor-widget-button\" data-id=\"4dc32b7\" data-element_type=\"widget\" data-e-type=\"widget\" data-widget_type=\"button.default\">\n\t\t\t\t<div class=\"elementor-widget-container\">\n\t\t\t\t\t\t\t\t\t<div class=\"elementor-button-wrapper\">\n\t\t\t\t\t<a class=\"elementor-button elementor-button-link elementor-size-sm\" href=\"https:\/\/rsaegean.org\/en\/fa-farakhaneh-aks-lesvos-2015\/\">\n\t\t\t\t\t\t<span class=\"elementor-button-content-wrapper\">\n\t\t\t\t\t\t\t\t\t<span class=\"elementor-button-text\">\u0641\u0627\u0631\u0633\u06cc<\/span>\n\t\t\t\t\t<\/span>\n\t\t\t\t\t<\/a>\n\t\t\t\t<\/div>\n\t\t\t\t\t\t\t\t<\/div>\n\t\t\t\t<\/div>\n\t\t\t\t<div class=\"elementor-element elementor-element-9cb5cc1 elementor-align-justify elementor-widget-mobile__width-inherit elementor-widget elementor-widget-button\" data-id=\"9cb5cc1\" data-element_type=\"widget\" data-e-type=\"widget\" data-widget_type=\"button.default\">\n\t\t\t\t<div class=\"elementor-widget-container\">\n\t\t\t\t\t\t\t\t\t<div class=\"elementor-button-wrapper\">\n\t\t\t\t\t<a class=\"elementor-button elementor-button-link elementor-size-sm\" href=\"https:\/\/rsaegean.org\/el\/ar-lesvos-2015-daawa-sowar\/\">\n\t\t\t\t\t\t<span class=\"elementor-button-content-wrapper\">\n\t\t\t\t\t\t\t\t\t<span class=\"elementor-button-text\">\u0639\u0631\u0628\u064a<\/span>\n\t\t\t\t\t<\/span>\n\t\t\t\t\t<\/a>\n\t\t\t\t<\/div>\n\t\t\t\t\t\t\t\t<\/div>\n\t\t\t\t<\/div>\n\t\t\t\t<div class=\"elementor-element elementor-element-6ca6637 elementor-align-justify elementor-widget elementor-widget-button\" data-id=\"6ca6637\" data-element_type=\"widget\" data-e-type=\"widget\" data-widget_type=\"button.default\">\n\t\t\t\t<div class=\"elementor-widget-container\">\n\t\t\t\t\t\t\t\t\t<div class=\"elementor-button-wrapper\">\n\t\t\t\t\t<a class=\"elementor-button elementor-button-link elementor-size-sm\" href=\"https:\/\/rsaegean.org\/en\/so-wacitaan-furan-sawirro-lesvos-2015\/\">\n\t\t\t\t\t\t<span class=\"elementor-button-content-wrapper\">\n\t\t\t\t\t\t\t\t\t<span class=\"elementor-button-text\">Soomaali<\/span>\n\t\t\t\t\t<\/span>\n\t\t\t\t\t<\/a>\n\t\t\t\t<\/div>\n\t\t\t\t\t\t\t\t<\/div>\n\t\t\t\t<\/div>\n\t\t\t\t<div class=\"elementor-element elementor-element-7daa871 elementor-align-justify elementor-widget elementor-widget-button\" data-id=\"7daa871\" data-element_type=\"widget\" data-e-type=\"widget\" data-widget_type=\"button.default\">\n\t\t\t\t<div class=\"elementor-widget-container\">\n\t\t\t\t\t\t\t\t\t<div class=\"elementor-button-wrapper\">\n\t\t\t\t\t<a class=\"elementor-button elementor-button-link elementor-size-sm\" href=\"https:\/\/rsaegean.org\/en\/tr-lesbos-2015-fotograf-cagrisi\/\">\n\t\t\t\t\t\t<span class=\"elementor-button-content-wrapper\">\n\t\t\t\t\t\t\t\t\t<span class=\"elementor-button-text\">T\u00fcrk\u00e7e<\/span>\n\t\t\t\t\t<\/span>\n\t\t\t\t\t<\/a>\n\t\t\t\t<\/div>\n\t\t\t\t\t\t\t\t<\/div>\n\t\t\t\t<\/div>\n\t\t\t\t<div class=\"elementor-element elementor-element-521b3e8 elementor-align-justify elementor-widget elementor-widget-button\" data-id=\"521b3e8\" data-element_type=\"widget\" data-e-type=\"widget\" data-widget_type=\"button.default\">\n\t\t\t\t<div class=\"elementor-widget-container\">\n\t\t\t\t\t\t\t\t\t<div class=\"elementor-button-wrapper\">\n\t\t\t\t\t<a class=\"elementor-button elementor-button-link elementor-size-sm\" href=\"https:\/\/rsaegean.org\/el\/open-call-photos-lesvos-2015\/\">\n\t\t\t\t\t\t<span class=\"elementor-button-content-wrapper\">\n\t\t\t\t\t\t\t\t\t<span class=\"elementor-button-text\">\u0395\u03bb\u03bb\u03b7\u03bd\u03b9\u03ba\u03ac<\/span>\n\t\t\t\t\t<\/span>\n\t\t\t\t\t<\/a>\n\t\t\t\t<\/div>\n\t\t\t\t\t\t\t\t<\/div>\n\t\t\t\t<\/div>\n\t\t\t\t<div class=\"elementor-element elementor-element-c3ec9fd elementor-align-justify elementor-widget elementor-widget-button\" data-id=\"c3ec9fd\" data-element_type=\"widget\" data-e-type=\"widget\" data-widget_type=\"button.default\">\n\t\t\t\t<div class=\"elementor-widget-container\">\n\t\t\t\t\t\t\t\t\t<div class=\"elementor-button-wrapper\">\n\t\t\t\t\t<a class=\"elementor-button elementor-button-link elementor-size-sm\" href=\"https:\/\/rsaegean.org\/en\/open-call-photos-lesvos-2015\/\">\n\t\t\t\t\t\t<span class=\"elementor-button-content-wrapper\">\n\t\t\t\t\t\t\t\t\t<span class=\"elementor-button-text\">English<\/span>\n\t\t\t\t\t<\/span>\n\t\t\t\t\t<\/a>\n\t\t\t\t<\/div>\n\t\t\t\t\t\t\t\t<\/div>\n\t\t\t\t<\/div>\n\t\t\t\t<\/div>\n\t\t\t\t<\/div>\n\t\t<div class=\"elementor-element elementor-element-c5719fd e-con-full e-flex e-con e-parent\" data-id=\"c5719fd\" data-element_type=\"container\" data-e-type=\"container\">\n\t\t\t\t<div class=\"elementor-element elementor-element-3374883 elementor-widget elementor-widget-text-editor\" data-id=\"3374883\" data-element_type=\"widget\" data-e-type=\"widget\" data-widget_type=\"text-editor.default\">\n\t\t\t\t<div class=\"elementor-widget-container\">\n\t\t\t\t\t\t\t\t\t<p><b>Nous invitons les personnes qui se trouvaient \u00e0 Mytil\u00e8ne en 2015 \u2013 habitant\u00b7es, r\u00e9fugi\u00e9\u00b7es, personnes solidaires \u2013 \u00e0 partager leurs souvenirs de cette p\u00e9riode. Envoyez-nous jusqu&#8217;\u00e0 3 photographies qui t\u00e9moignent de votre exp\u00e9rience de la situation des r\u00e9fugi\u00e9\u00b7e\u00b7s \u00e0 ce moment-l\u00e0.<\/b><\/p><p><span style=\"font-weight: 400;\">L&#8217;ann\u00e9e 2015 est entr\u00e9e dans l&#8217;histoire comme l&#8217;\u00e9t\u00e9 de la migration et de la solidarit\u00e9 en Gr\u00e8ce et en Europe. Des centaines de milliers de personnes sont arriv\u00e9es sur les \u00eeles grecques, risquant leur vie pour chercher la s\u00e9curit\u00e9 et un avenir meilleur en Europe. Mytil\u00e8ne est devenue un point n\u00e9vralgique, avec des communaut\u00e9s et des structures qui les ont accueillies et soutenues. Le p\u00eacheur lors des sauvetages, la m\u00e9decin pour les soins, le conducteur pour les transports, l&#8217;enseignante pour les cours, toutes et tous ont ouvert leurs portes pour partager de la nourriture ou de l&#8217;eau, offrir des v\u00eatements, une couverture, ou m\u00eame un lit. Des personnes sont venues de toute la Gr\u00e8ce et de l&#8217;\u00e9tranger pour aider.<\/span><\/p><p><b>Dix ans apr\u00e8s, Refugee Support Aegean (RSA) organise cet automne \u00e0 Mytil\u00e8ne une exposition photographique pour mettre en lumi\u00e8re cette p\u00e9riode \u00e0 travers des perspectives personnelles, des histoires du quotidien, des d\u00e9fis, mais aussi des actes de solidarit\u00e9.<\/b><\/p><p><i><span style=\"font-weight: 400;\">Nous souhaitons partager et nous souvenir, \u00e0 travers vos objectifs photographiques, d&#8217;instantan\u00e9s des arriv\u00e9es, des s\u00e9jours et des d\u00e9parts, des c\u00f4tes, des routes, des camps, des villages et de la ville. Nous voulons mettre en avant les relations humaines, les actes d\u2019entraide et de solidarit\u00e9, ainsi que les modes de vie et de survie, les constructions de fortune, les improvisations, les probl\u00e8mes et les solutions. Quelle est la photo que vous avez prise \u00e0 l\u2019\u00e9poque qui symbolise le mieux ce que vous avez v\u00e9cu ou vu? Et qu\u2019est-ce qui, peut-\u00eatre, ne se voit pas sur la photo mais vous a profond\u00e9ment marqu\u00e9\u00b7e?<\/span><\/i><\/p><p><b>Directives de participation:<\/b><span style=\"font-weight: 400;\"> Choisissez jusqu\u2019\u00e0 <\/span><b>3 photographies que vous avez prises \u00e0 Lesbos<\/b><span style=\"font-weight: 400;\"> entre <\/span><b>mai 2015 et d\u00e9cembre 2015<\/b><span style=\"font-weight: 400;\">, en lien avec la situation des r\u00e9fugi\u00e9\u00b7e\u00b7s sur l\u2019\u00eele, et remplissez le formulaire. Si vous avez besoin d\u2019aide, envoyez-nous un courriel \u00e0: <\/span><span style=\"font-weight: 400;\">lesvos2015@rsaegean.org<\/span><span style=\"font-weight: 400;\">\u00a0<\/span><\/p><p><b>Date limite de soumission: 15 septembre 2025<\/b><\/p>\t\t\t\t\t\t\t\t<\/div>\n\t\t\t\t<\/div>\n\t\t<div class=\"elementor-element elementor-element-bf6e529 e-grid e-con-full e-con e-child\" data-id=\"bf6e529\" data-element_type=\"container\" data-e-type=\"container\" data-settings=\"{&quot;background_background&quot;:&quot;classic&quot;,&quot;sticky&quot;:&quot;bottom&quot;,&quot;sticky_on&quot;:[&quot;desktop&quot;,&quot;tablet&quot;],&quot;sticky_offset&quot;:0,&quot;sticky_effects_offset&quot;:0,&quot;sticky_anchor_link_offset&quot;:0}\">\n\t\t\t\t<div class=\"elementor-element elementor-element-9943762 elementor-align-justify elementor-widget elementor-widget-button\" data-id=\"9943762\" data-element_type=\"widget\" data-e-type=\"widget\" data-widget_type=\"button.default\">\n\t\t\t\t<div class=\"elementor-widget-container\">\n\t\t\t\t\t\t\t\t\t<div class=\"elementor-button-wrapper\">\n\t\t\t\t\t<a class=\"elementor-button elementor-button-link elementor-size-sm\" href=\"https:\/\/rsaegean.org\/en\/fa-farakhaneh-aks-lesvos-2015\/\">\n\t\t\t\t\t\t<span class=\"elementor-button-content-wrapper\">\n\t\t\t\t\t\t\t\t\t<span class=\"elementor-button-text\">\u0641\u0627\u0631\u0633\u06cc<\/span>\n\t\t\t\t\t<\/span>\n\t\t\t\t\t<\/a>\n\t\t\t\t<\/div>\n\t\t\t\t\t\t\t\t<\/div>\n\t\t\t\t<\/div>\n\t\t\t\t<div class=\"elementor-element elementor-element-fe63afb elementor-align-justify elementor-widget-mobile__width-inherit elementor-widget elementor-widget-button\" data-id=\"fe63afb\" data-element_type=\"widget\" data-e-type=\"widget\" data-widget_type=\"button.default\">\n\t\t\t\t<div class=\"elementor-widget-container\">\n\t\t\t\t\t\t\t\t\t<div class=\"elementor-button-wrapper\">\n\t\t\t\t\t<a class=\"elementor-button elementor-button-link elementor-size-sm\" href=\"https:\/\/rsaegean.org\/el\/ar-lesvos-2015-daawa-sowar\/\">\n\t\t\t\t\t\t<span class=\"elementor-button-content-wrapper\">\n\t\t\t\t\t\t\t\t\t<span class=\"elementor-button-text\">\u0639\u0631\u0628\u064a<\/span>\n\t\t\t\t\t<\/span>\n\t\t\t\t\t<\/a>\n\t\t\t\t<\/div>\n\t\t\t\t\t\t\t\t<\/div>\n\t\t\t\t<\/div>\n\t\t\t\t<div class=\"elementor-element elementor-element-7711a02 elementor-align-justify elementor-widget elementor-widget-button\" data-id=\"7711a02\" data-element_type=\"widget\" data-e-type=\"widget\" data-widget_type=\"button.default\">\n\t\t\t\t<div class=\"elementor-widget-container\">\n\t\t\t\t\t\t\t\t\t<div class=\"elementor-button-wrapper\">\n\t\t\t\t\t<a class=\"elementor-button elementor-button-link elementor-size-sm\" href=\"https:\/\/rsaegean.org\/en\/so-wacitaan-furan-sawirro-lesvos-2015\/\">\n\t\t\t\t\t\t<span class=\"elementor-button-content-wrapper\">\n\t\t\t\t\t\t\t\t\t<span class=\"elementor-button-text\">Soomaali<\/span>\n\t\t\t\t\t<\/span>\n\t\t\t\t\t<\/a>\n\t\t\t\t<\/div>\n\t\t\t\t\t\t\t\t<\/div>\n\t\t\t\t<\/div>\n\t\t\t\t<div class=\"elementor-element elementor-element-8478a01 elementor-align-justify elementor-widget elementor-widget-button\" data-id=\"8478a01\" data-element_type=\"widget\" data-e-type=\"widget\" data-widget_type=\"button.default\">\n\t\t\t\t<div class=\"elementor-widget-container\">\n\t\t\t\t\t\t\t\t\t<div class=\"elementor-button-wrapper\">\n\t\t\t\t\t<a class=\"elementor-button elementor-button-link elementor-size-sm\" href=\"https:\/\/rsaegean.org\/en\/tr-lesbos-2015-fotograf-cagrisi\/\">\n\t\t\t\t\t\t<span class=\"elementor-button-content-wrapper\">\n\t\t\t\t\t\t\t\t\t<span class=\"elementor-button-text\">T\u00fcrk\u00e7e<\/span>\n\t\t\t\t\t<\/span>\n\t\t\t\t\t<\/a>\n\t\t\t\t<\/div>\n\t\t\t\t\t\t\t\t<\/div>\n\t\t\t\t<\/div>\n\t\t\t\t<div class=\"elementor-element elementor-element-4240676 elementor-align-justify elementor-widget elementor-widget-button\" data-id=\"4240676\" data-element_type=\"widget\" data-e-type=\"widget\" data-widget_type=\"button.default\">\n\t\t\t\t<div class=\"elementor-widget-container\">\n\t\t\t\t\t\t\t\t\t<div class=\"elementor-button-wrapper\">\n\t\t\t\t\t<a class=\"elementor-button elementor-button-link elementor-size-sm\" href=\"https:\/\/rsaegean.org\/el\/open-call-photos-lesvos-2015\/\">\n\t\t\t\t\t\t<span class=\"elementor-button-content-wrapper\">\n\t\t\t\t\t\t\t\t\t<span class=\"elementor-button-text\">\u0395\u03bb\u03bb\u03b7\u03bd\u03b9\u03ba\u03ac<\/span>\n\t\t\t\t\t<\/span>\n\t\t\t\t\t<\/a>\n\t\t\t\t<\/div>\n\t\t\t\t\t\t\t\t<\/div>\n\t\t\t\t<\/div>\n\t\t\t\t<div class=\"elementor-element elementor-element-eb20405 elementor-align-justify elementor-widget elementor-widget-button\" data-id=\"eb20405\" data-element_type=\"widget\" data-e-type=\"widget\" data-widget_type=\"button.default\">\n\t\t\t\t<div class=\"elementor-widget-container\">\n\t\t\t\t\t\t\t\t\t<div class=\"elementor-button-wrapper\">\n\t\t\t\t\t<a class=\"elementor-button elementor-button-link elementor-size-sm\" href=\"https:\/\/rsaegean.org\/en\/open-call-photos-lesvos-2015\/\">\n\t\t\t\t\t\t<span class=\"elementor-button-content-wrapper\">\n\t\t\t\t\t\t\t\t\t<span class=\"elementor-button-text\">English<\/span>\n\t\t\t\t\t<\/span>\n\t\t\t\t\t<\/a>\n\t\t\t\t<\/div>\n\t\t\t\t\t\t\t\t<\/div>\n\t\t\t\t<\/div>\n\t\t\t\t<\/div>\n\t\t\t\t<div class=\"elementor-element elementor-element-56542df elementor-align-justify elementor-widget elementor-widget-button\" data-id=\"56542df\" data-element_type=\"widget\" data-e-type=\"widget\" data-widget_type=\"button.default\">\n\t\t\t\t<div class=\"elementor-widget-container\">\n\t\t\t\t\t\t\t\t\t<div class=\"elementor-button-wrapper\">\n\t\t\t\t\t<a class=\"elementor-button elementor-button-link elementor-size-sm\" href=\"https:\/\/cloud.rsaegean.org\/index.php\/apps\/forms\/s\/KBFkoTwqGdZFXJt2bdMnL6sE\">\n\t\t\t\t\t\t<span class=\"elementor-button-content-wrapper\">\n\t\t\t\t\t\t<span class=\"elementor-button-icon\">\n\t\t\t\t<i aria-hidden=\"true\" class=\"far fa-window-restore\"><\/i>\t\t\t<\/span>\n\t\t\t\t\t\t\t\t\t<span class=\"elementor-button-text\">Cliquez ici pour ouvrir le formulaire dans une nouvelle fen\u00eatre<\/span>\n\t\t\t\t\t<\/span>\n\t\t\t\t\t<\/a>\n\t\t\t\t<\/div>\n\t\t\t\t\t\t\t\t<\/div>\n\t\t\t\t<\/div>\n\t\t\t\t<\/div>\n\t\t<div class=\"elementor-element elementor-element-862311d e-flex e-con-boxed e-con e-parent\" data-id=\"862311d\" data-element_type=\"container\" data-e-type=\"container\">\n\t\t\t\t\t<div class=\"e-con-inner\">\n\t\t\t\t<div class=\"elementor-element elementor-element-ace04e2 elementor-hidden-mobile elementor-widget elementor-widget-html\" data-id=\"ace04e2\" data-element_type=\"widget\" data-e-type=\"widget\" data-widget_type=\"html.default\">\n\t\t\t\t<div class=\"elementor-widget-container\">\n\t\t\t\t\t<iframe src=\"https:\/\/cloud.rsaegean.org\/index.php\/apps\/forms\/embed\/7GGHFfHpXqTQHKDm79CJkTTt\" width=\"750\" height=\"4500\"><\/iframe>\t\t\t\t<\/div>\n\t\t\t\t<\/div>\n\t\t\t\t<div class=\"elementor-element elementor-element-b8f1988 elementor-hidden-desktop elementor-hidden-tablet elementor-widget elementor-widget-html\" data-id=\"b8f1988\" data-element_type=\"widget\" data-e-type=\"widget\" data-widget_type=\"html.default\">\n\t\t\t\t<div class=\"elementor-widget-container\">\n\t\t\t\t\t<iframe src=\"https:\/\/cloud.rsaegean.org\/index.php\/apps\/forms\/embed\/7GGHFfHpXqTQHKDm79CJkTTt\" width=\"750\" height=\"7600\"><\/iframe>\t\t\t\t<\/div>\n\t\t\t\t<\/div>\n\t\t\t\t\t<\/div>\n\t\t\t\t<\/div>\n\t\t\t\t<\/div>\n\t\t","protected":false},"excerpt":{"rendered":"<p>Date limite de soumission: 15 septembre 2025<\/p>\n","protected":false},"author":9,"featured_media":23807,"parent":0,"menu_order":0,"comment_status":"closed","ping_status":"closed","template":"","meta":{"give_campaign_id":0,"footnotes":""},"class_list":["post-23697","page","type-page","status-publish","has-post-thumbnail"],"campaignId":"0","_links":{"self":[{"href":"https:\/\/rsaegean.org\/el\/wp-json\/wp\/v2\/pages\/23697","targetHints":{"allow":["GET"]}}],"collection":[{"href":"https:\/\/rsaegean.org\/el\/wp-json\/wp\/v2\/pages"}],"about":[{"href":"https:\/\/rsaegean.org\/el\/wp-json\/wp\/v2\/types\/page"}],"author":[{"embeddable":true,"href":"https:\/\/rsaegean.org\/el\/wp-json\/wp\/v2\/users\/9"}],"replies":[{"embeddable":true,"href":"https:\/\/rsaegean.org\/el\/wp-json\/wp\/v2\/comments?post=23697"}],"version-history":[{"count":37,"href":"https:\/\/rsaegean.org\/el\/wp-json\/wp\/v2\/pages\/23697\/revisions"}],"predecessor-version":[{"id":24063,"href":"https:\/\/rsaegean.org\/el\/wp-json\/wp\/v2\/pages\/23697\/revisions\/24063"}],"wp:featuredmedia":[{"embeddable":true,"href":"https:\/\/rsaegean.org\/el\/wp-json\/wp\/v2\/media\/23807"}],"wp:attachment":[{"href":"https:\/\/rsaegean.org\/el\/wp-json\/wp\/v2\/media?parent=23697"}],"curies":[{"name":"wp","href":"https:\/\/api.w.org\/{rel}","templated":true}]}}